{"id":81,"date":"2022-12-07T01:38:43","date_gmt":"2022-12-07T00:38:43","guid":{"rendered":"https:\/\/www.denisparenthoine.fr\/?page_id=81"},"modified":"2024-11-30T19:23:21","modified_gmt":"2024-11-30T18:23:21","slug":"qui-suis-je","status":"publish","type":"page","link":"https:\/\/www.denisparenthoine.fr\/fr_fr\/qui-suis-je\/","title":{"rendered":"Qui suis-je ?"},"content":{"rendered":"\t\t<div data-elementor-type=\"wp-page\" data-elementor-id=\"81\" class=\"elementor elementor-81\" data-elementor-settings=\"{&quot;element_pack_global_tooltip_width&quot;:{&quot;unit&quot;:&quot;px&quot;,&quot;size&quot;:&quot;&quot;,&quot;sizes&quot;:[]},&quot;element_pack_global_tooltip_width_tablet&quot;:{&quot;unit&quot;:&quot;px&quot;,&quot;size&quot;:&quot;&quot;,&quot;sizes&quot;:[]},&quot;element_pack_global_tooltip_width_mobile&quot;:{&quot;unit&quot;:&quot;px&quot;,&quot;size&quot;:&quot;&quot;,&quot;sizes&quot;:[]},&quot;element_pack_global_tooltip_padding&quot;:{&quot;unit&quot;:&quot;px&quot;,&quot;top&quot;:&quot;&quot;,&quot;right&quot;:&quot;&quot;,&quot;bottom&quot;:&quot;&quot;,&quot;left&quot;:&quot;&quot;,&quot;isLinked&quot;:true},&quot;element_pack_global_tooltip_padding_tablet&quot;:{&quot;unit&quot;:&quot;px&quot;,&quot;top&quot;:&quot;&quot;,&quot;right&quot;:&quot;&quot;,&quot;bottom&quot;:&quot;&quot;,&quot;left&quot;:&quot;&quot;,&quot;isLinked&quot;:true},&quot;element_pack_global_tooltip_padding_mobile&quot;:{&quot;unit&quot;:&quot;px&quot;,&quot;top&quot;:&quot;&quot;,&quot;right&quot;:&quot;&quot;,&quot;bottom&quot;:&quot;&quot;,&quot;left&quot;:&quot;&quot;,&quot;isLinked&quot;:true},&quot;element_pack_global_tooltip_border_radius&quot;:{&quot;unit&quot;:&quot;px&quot;,&quot;top&quot;:&quot;&quot;,&quot;right&quot;:&quot;&quot;,&quot;bottom&quot;:&quot;&quot;,&quot;left&quot;:&quot;&quot;,&quot;isLinked&quot;:true},&quot;element_pack_global_tooltip_border_radius_tablet&quot;:{&quot;unit&quot;:&quot;px&quot;,&quot;top&quot;:&quot;&quot;,&quot;right&quot;:&quot;&quot;,&quot;bottom&quot;:&quot;&quot;,&quot;left&quot;:&quot;&quot;,&quot;isLinked&quot;:true},&quot;element_pack_global_tooltip_border_radius_mobile&quot;:{&quot;unit&quot;:&quot;px&quot;,&quot;top&quot;:&quot;&quot;,&quot;right&quot;:&quot;&quot;,&quot;bottom&quot;:&quot;&quot;,&quot;left&quot;:&quot;&quot;,&quot;isLinked&quot;:true}}\" data-elementor-post-type=\"page\">\n\t\t\t\t\t\t<section data-particle_enable=\"false\" data-particle-mobile-disabled=\"false\" class=\"elementor-section elementor-top-section elementor-element elementor-element-3214a05c elementor-section-height-min-height elementor-section-content-middle elementor-section-items-stretch elementor-section-boxed elementor-section-height-default\" data-id=\"3214a05c\" data-element_type=\"section\" data-settings=\"{&quot;background_background&quot;:&quot;classic&quot;}\">\n\t\t\t\t\t\t<div class=\"elementor-container elementor-column-gap-default\">\n\t\t\t\t\t<div class=\"elementor-column elementor-col-50 elementor-top-column elementor-element elementor-element-fc51630\" data-id=\"fc51630\" data-element_type=\"column\" data-settings=\"{&quot;background_background&quot;:&quot;classic&quot;}\">\n\t\t\t<div class=\"elementor-widget-wrap elementor-element-populated\">\n\t\t\t\t\t\t<div class=\"elementor-element elementor-element-735f03a5 elementor-widget elementor-widget-heading\" data-id=\"735f03a5\" data-element_type=\"widget\" data-widget_type=\"heading.default\">\n\t\t\t\t<div class=\"elementor-widget-container\">\n\t\t\t<h1 class=\"elementor-heading-title elementor-size-default\">BIOGRAPHIE<\/h1>\t\t<\/div>\n\t\t\t\t<\/div>\n\t\t\t\t<div class=\"elementor-element elementor-element-2dff9497 elementor-widget-divider--view-line elementor-widget elementor-widget-divider\" data-id=\"2dff9497\" data-element_type=\"widget\" data-widget_type=\"divider.default\">\n\t\t\t\t<div class=\"elementor-widget-container\">\n\t\t\t\t\t<div class=\"elementor-divider\">\n\t\t\t<span class=\"elementor-divider-separator\">\n\t\t\t\t\t\t<\/span>\n\t\t<\/div>\n\t\t\t\t<\/div>\n\t\t\t\t<\/div>\n\t\t\t\t<div class=\"elementor-element elementor-element-f44bf6a elementor-widget elementor-widget-heading\" data-id=\"f44bf6a\" data-element_type=\"widget\" data-widget_type=\"heading.default\">\n\t\t\t\t<div class=\"elementor-widget-container\">\n\t\t\t<h1 class=\"elementor-heading-title elementor-size-default\">Denis Parenthoine \u266b<\/h1>\t\t<\/div>\n\t\t\t\t<\/div>\n\t\t\t\t<section data-particle_enable=\"false\" data-particle-mobile-disabled=\"false\" class=\"elementor-section elementor-inner-section elementor-element elementor-element-46c3766c elementor-section-boxed elementor-section-height-default elementor-section-height-default\" data-id=\"46c3766c\" data-element_type=\"section\">\n\t\t\t\t\t\t<div class=\"elementor-container elementor-column-gap-default\">\n\t\t\t\t\t<div class=\"elementor-column elementor-col-100 elementor-inner-column elementor-element elementor-element-10815a4c\" data-id=\"10815a4c\" data-element_type=\"column\">\n\t\t\t<div class=\"elementor-widget-wrap elementor-element-populated\">\n\t\t\t\t\t\t<div class=\"elementor-element elementor-element-7ef73fa8 elementor-widget elementor-widget-text-editor\" data-id=\"7ef73fa8\" data-element_type=\"widget\" data-widget_type=\"text-editor.default\">\n\t\t\t\t<div class=\"elementor-widget-container\">\n\t\t\t\t\t\t\t<p>Denis Parenthoine est n\u00e9 en 1967, \u00e0 Saint-Brieuc. D\u00e9butant l\u2019apprentissage de la musique \u00e0 l\u2019\u00e2ge de 17 ans, en parall\u00e8le d\u2019\u00e9tudes litt\u00e9raires, il suit des cours particuliers aupr\u00e8s d\u2019Anne Magadur, professeur de piano \u00e0 l\u2019Ecole Nationale de Musique de Saint-Brieuc.<\/p><p>Il prend \u00e9galement des cours d\u2019Harmonie et de Contrepoint aupr\u00e8s de la compositrice et p\u00e9dagogue Yvonne Desportes et entre en classe d\u2019Ecriture au CNSM de Paris o\u00f9 il re\u00e7oit pendant deux ans l\u2019enseignement du compositeur Alain Bernaud.<\/p><p>En parall\u00e8le d\u2019une activit\u00e9 de composition tourn\u00e9e vers le piano et la musique de chambre, figurent alors \u00e9galement des pi\u00e8ces pour orchestre symphonique.<\/p><p>Par ailleurs, il enseigne le piano et la formation musicale dans diverses structures de sa r\u00e9gion. En 2002, deux de ses pi\u00e8ces pour violon et piano paraissent aux Editions Combre.<\/p><p>Son int\u00e9r\u00eat pour les pr\u00e9occupations acoustiques l\u2019ayant amen\u00e9 \u00e0 entreprendre des \u00e9tudes scientifiques approfondies, il partage \u00e0 pr\u00e9sent son temps entre une activit\u00e9 d\u2019enseignement et une activit\u00e9 r\u00e9guli\u00e8re de composition.<\/p>\t\t\t\t\t\t<\/div>\n\t\t\t\t<\/div>\n\t\t\t\t\t<\/div>\n\t\t<\/div>\n\t\t\t\t\t<\/div>\n\t\t<\/section>\n\t\t\t\t\t<\/div>\n\t\t<\/div>\n\t\t\t\t<div class=\"elementor-column elementor-col-50 elementor-top-column elementor-element elementor-element-5ddc00ff\" data-id=\"5ddc00ff\" data-element_type=\"column\" data-settings=\"{&quot;background_background&quot;:&quot;classic&quot;}\">\n\t\t\t<div class=\"elementor-widget-wrap elementor-element-populated\">\n\t\t\t\t\t\t<div class=\"elementor-element elementor-element-1e5e6fa5 elementor-widget elementor-widget-spacer\" data-id=\"1e5e6fa5\" data-element_type=\"widget\" data-widget_type=\"spacer.default\">\n\t\t\t\t<div class=\"elementor-widget-container\">\n\t\t\t\t\t<div class=\"elementor-spacer\">\n\t\t\t<div class=\"elementor-spacer-inner\"><\/div>\n\t\t<\/div>\n\t\t\t\t<\/div>\n\t\t\t\t<\/div>\n\t\t\t\t<div class=\"elementor-element elementor-element-52e22a29 elementor-widget__width-auto elementor-absolute elementor-widget elementor-widget-image\" data-id=\"52e22a29\" data-element_type=\"widget\" data-settings=\"{&quot;_position&quot;:&quot;absolute&quot;,&quot;motion_fx_motion_fx_scrolling&quot;:&quot;yes&quot;,&quot;motion_fx_translateY_effect&quot;:&quot;yes&quot;,&quot;motion_fx_translateY_speed&quot;:{&quot;unit&quot;:&quot;px&quot;,&quot;size&quot;:&quot;2&quot;,&quot;sizes&quot;:[]},&quot;motion_fx_devices&quot;:[&quot;desktop&quot;,&quot;tablet&quot;],&quot;motion_fx_translateY_affectedRange&quot;:{&quot;unit&quot;:&quot;%&quot;,&quot;size&quot;:&quot;&quot;,&quot;sizes&quot;:{&quot;start&quot;:0,&quot;end&quot;:100}}}\" data-widget_type=\"image.default\">\n\t\t\t\t<div class=\"elementor-widget-container\">\n\t\t\t\t\t\t\t\t\t\t\t\t\t<img fetchpriority=\"high\" decoding=\"async\" width=\"320\" height=\"696\" src=\"https:\/\/www.denisparenthoine.fr\/wp-content\/uploads\/2022\/12\/HomePage-Hero-Shape.png\" class=\"attachment-full size-full wp-image-89\" alt=\"\" srcset=\"https:\/\/www.denisparenthoine.fr\/wp-content\/uploads\/2022\/12\/HomePage-Hero-Shape.png 320w, https:\/\/www.denisparenthoine.fr\/wp-content\/uploads\/2022\/12\/HomePage-Hero-Shape-138x300.png 138w, https:\/\/www.denisparenthoine.fr\/wp-content\/uploads\/2022\/12\/HomePage-Hero-Shape-6x12.png 6w\" sizes=\"(max-width: 320px) 100vw, 320px\" \/>\t\t\t\t\t\t\t\t\t\t\t\t\t<\/div>\n\t\t\t\t<\/div>\n\t\t\t\t\t<\/div>\n\t\t<\/div>\n\t\t\t\t\t<\/div>\n\t\t<\/section>\n\t\t<div data-particle_enable=\"false\" data-particle-mobile-disabled=\"false\" class=\"elementor-element elementor-element-c8ab9d1 e-flex e-con-boxed e-con e-parent\" data-id=\"c8ab9d1\" data-element_type=\"container\" data-settings=\"{&quot;background_background&quot;:&quot;classic&quot;}\">\n\t\t\t\t\t<div class=\"e-con-inner\">\n\t\t<div data-particle_enable=\"false\" data-particle-mobile-disabled=\"false\" class=\"elementor-element elementor-element-a5b2989 e-con-full e-flex e-con e-child\" data-id=\"a5b2989\" data-element_type=\"container\" data-settings=\"{&quot;background_background&quot;:&quot;classic&quot;}\">\n\t\t\t\t<div class=\"elementor-element elementor-element-6f8ac80 elementor-widget elementor-widget-image\" data-id=\"6f8ac80\" data-element_type=\"widget\" data-settings=\"{&quot;motion_fx_motion_fx_scrolling&quot;:&quot;yes&quot;,&quot;motion_fx_translateX_effect&quot;:&quot;yes&quot;,&quot;motion_fx_translateX_direction&quot;:&quot;negative&quot;,&quot;motion_fx_translateX_speed&quot;:{&quot;unit&quot;:&quot;px&quot;,&quot;size&quot;:4,&quot;sizes&quot;:[]},&quot;motion_fx_translateX_affectedRange&quot;:{&quot;unit&quot;:&quot;%&quot;,&quot;size&quot;:&quot;&quot;,&quot;sizes&quot;:{&quot;start&quot;:0,&quot;end&quot;:100}},&quot;motion_fx_devices&quot;:[&quot;desktop&quot;,&quot;tablet&quot;,&quot;mobile&quot;]}\" data-widget_type=\"image.default\">\n\t\t\t\t<div class=\"elementor-widget-container\">\n\t\t\t\t\t\t\t\t\t\t\t\t\t<img decoding=\"async\" width=\"683\" height=\"1024\" src=\"https:\/\/www.denisparenthoine.fr\/wp-content\/uploads\/2022\/12\/felicia-buitenwerf-kGLYLMVs83g-unsplash-683x1024.jpg\" class=\"attachment-large size-large wp-image-104\" alt=\"\" srcset=\"https:\/\/www.denisparenthoine.fr\/wp-content\/uploads\/2022\/12\/felicia-buitenwerf-kGLYLMVs83g-unsplash-683x1024.jpg 683w, https:\/\/www.denisparenthoine.fr\/wp-content\/uploads\/2022\/12\/felicia-buitenwerf-kGLYLMVs83g-unsplash-200x300.jpg 200w, https:\/\/www.denisparenthoine.fr\/wp-content\/uploads\/2022\/12\/felicia-buitenwerf-kGLYLMVs83g-unsplash-768x1152.jpg 768w, https:\/\/www.denisparenthoine.fr\/wp-content\/uploads\/2022\/12\/felicia-buitenwerf-kGLYLMVs83g-unsplash-1024x1536.jpg 1024w, https:\/\/www.denisparenthoine.fr\/wp-content\/uploads\/2022\/12\/felicia-buitenwerf-kGLYLMVs83g-unsplash-1365x2048.jpg 1365w, https:\/\/www.denisparenthoine.fr\/wp-content\/uploads\/2022\/12\/felicia-buitenwerf-kGLYLMVs83g-unsplash-8x12.jpg 8w, https:\/\/www.denisparenthoine.fr\/wp-content\/uploads\/2022\/12\/felicia-buitenwerf-kGLYLMVs83g-unsplash-scaled.jpg 1707w\" sizes=\"(max-width: 683px) 100vw, 683px\" \/>\t\t\t\t\t\t\t\t\t\t\t\t\t<\/div>\n\t\t\t\t<\/div>\n\t\t\t\t<\/div>\n\t\t<div data-particle_enable=\"false\" data-particle-mobile-disabled=\"false\" class=\"elementor-element elementor-element-0b8fd18 e-con-full e-flex e-con e-child\" data-id=\"0b8fd18\" data-element_type=\"container\">\n\t\t\t\t<div class=\"elementor-element elementor-element-e3386f0 elementor-widget elementor-widget-heading\" data-id=\"e3386f0\" data-element_type=\"widget\" data-widget_type=\"heading.default\">\n\t\t\t\t<div class=\"elementor-widget-container\">\n\t\t\t<h2 class=\"elementor-heading-title elementor-size-default\">La Musique et les autres arts \u266a<\/h2>\t\t<\/div>\n\t\t\t\t<\/div>\n\t\t\t\t<div class=\"elementor-element elementor-element-e32b9c1 elementor-widget-divider--view-line elementor-widget elementor-widget-divider\" data-id=\"e32b9c1\" data-element_type=\"widget\" data-widget_type=\"divider.default\">\n\t\t\t\t<div class=\"elementor-widget-container\">\n\t\t\t\t\t<div class=\"elementor-divider\">\n\t\t\t<span class=\"elementor-divider-separator\">\n\t\t\t\t\t\t<\/span>\n\t\t<\/div>\n\t\t\t\t<\/div>\n\t\t\t\t<\/div>\n\t\t\t\t<div class=\"elementor-element elementor-element-63d318c elementor-widget elementor-widget-text-editor\" data-id=\"63d318c\" data-element_type=\"widget\" data-widget_type=\"text-editor.default\">\n\t\t\t\t<div class=\"elementor-widget-container\">\n\t\t\t\t\t\t\t<p>La musique se suffit \u00e0 elle-m\u00eame. Cependant, les correspondances avec les autres arts : le th\u00e9\u00e2tre, la peinture, la litt\u00e9rature sont un enrichissement.<\/p><p>Depuis le 20\u00e8me si\u00e8cle, la musique s\u2019est souvent alli\u00e9e au cin\u00e9ma.\u00a0<\/p>\t\t\t\t\t\t<\/div>\n\t\t\t\t<\/div>\n\t\t\t\t<\/div>\n\t\t\t\t\t<\/div>\n\t\t\t\t<\/div>\n\t\t<div data-particle_enable=\"false\" data-particle-mobile-disabled=\"false\" class=\"elementor-element elementor-element-d1301a6 e-flex e-con-boxed e-con e-parent\" data-id=\"d1301a6\" data-element_type=\"container\">\n\t\t\t\t\t<div class=\"e-con-inner\">\n\t\t<div data-particle_enable=\"false\" data-particle-mobile-disabled=\"false\" class=\"elementor-element elementor-element-40a184f e-con-full e-flex e-con e-child\" data-id=\"40a184f\" data-element_type=\"container\">\n\t\t\t\t<div class=\"elementor-element elementor-element-d3b664b elementor-widget elementor-widget-heading\" data-id=\"d3b664b\" data-element_type=\"widget\" data-widget_type=\"heading.default\">\n\t\t\t\t<div class=\"elementor-widget-container\">\n\t\t\t<h2 class=\"elementor-heading-title elementor-size-default\">Quelques r\u00e9alisations int\u00e9grant ma musique<\/h2>\t\t<\/div>\n\t\t\t\t<\/div>\n\t\t\t\t<\/div>\n\t\t<div data-particle_enable=\"false\" data-particle-mobile-disabled=\"false\" class=\"elementor-element elementor-element-ed7b2d2 e-grid e-con-full e-con e-child\" data-id=\"ed7b2d2\" data-element_type=\"container\">\n\t\t\t\t<div class=\"elementor-element elementor-element-e459c6a elementor-widget elementor-widget-bdt-featured-box\" data-id=\"e459c6a\" data-element_type=\"widget\" data-widget_type=\"bdt-featured-box.default\">\n\t\t\t\t<div class=\"elementor-widget-container\">\n\t\t\t\t\t<div class=\"bdt-ep-featured-box bdt-ep-featured-box-default\">\n\n\t\t\t\t\t<div class=\"bdt-ep-featured-box-image\">\n\t\t\t<div class=\"bdt-position-relative\">\n\t\t\t\t<img decoding=\"async\" width=\"1920\" height=\"1080\" src=\"https:\/\/www.denisparenthoine.fr\/wp-content\/uploads\/2024\/11\/1.png\" class=\"attachment-full size-full\" alt=\"Arcs en ciel\" srcset=\"https:\/\/www.denisparenthoine.fr\/wp-content\/uploads\/2024\/11\/1.png 1920w, https:\/\/www.denisparenthoine.fr\/wp-content\/uploads\/2024\/11\/1-300x169.png 300w, https:\/\/www.denisparenthoine.fr\/wp-content\/uploads\/2024\/11\/1-1024x576.png 1024w, https:\/\/www.denisparenthoine.fr\/wp-content\/uploads\/2024\/11\/1-768x432.png 768w, https:\/\/www.denisparenthoine.fr\/wp-content\/uploads\/2024\/11\/1-1536x864.png 1536w, https:\/\/www.denisparenthoine.fr\/wp-content\/uploads\/2024\/11\/1-18x10.png 18w\" sizes=\"(max-width: 1920px) 100vw, 1920px\" \/>\t\t\t\t\t\t<\/div>\n\t\t<\/div>\n\t\t\n\t\t\t<div class=\"bdt-ep-featured-box-content bdt-position-bottom-left\">\n\n\t\t\t\t\t\t\n\t\t\t\t\t<h3\t\t\t\tclass=\"bdt-ep-featured-box-title\">\n\t\t\t\t<span >\n\t\t\t\t\tArcs en ciel\t\t\t\t<\/span>\n\t\t\t<\/h3>\n\t\t\n\t\t\n\t\t\t\t\t<div class=\"bdt-ep-featured-box-button\">\n\t\t\t\t<a class=\"bdt-ep-featured-box-readmore bdt-display-inline-block elementor-animation-bob\" href=\"https:\/\/www.youtube.com\/watch?v=9rY9YQyVHWo\" target=\"_blank\">\n\t\t\t\t\t\u00c9couter\t\t\t\t\t\t\t\t\t<\/a>\n\t\t\t<\/div>\n\t\t\t\n\t\t\t<\/div>\n\n\t\t<\/div>\n\n\t\t\t\t<\/div>\n\t\t\t\t<\/div>\n\t\t\t\t<div class=\"elementor-element elementor-element-9b69dc1 elementor-widget elementor-widget-bdt-featured-box\" data-id=\"9b69dc1\" data-element_type=\"widget\" data-widget_type=\"bdt-featured-box.default\">\n\t\t\t\t<div class=\"elementor-widget-container\">\n\t\t\t\t\t<div class=\"bdt-ep-featured-box bdt-ep-featured-box-default\">\n\n\t\t\t\t\t<div class=\"bdt-ep-featured-box-image\">\n\t\t\t<div class=\"bdt-position-relative\">\n\t\t\t\t<img loading=\"lazy\" decoding=\"async\" width=\"1920\" height=\"1080\" src=\"https:\/\/www.denisparenthoine.fr\/wp-content\/uploads\/2024\/11\/2.png\" class=\"attachment-full size-full\" alt=\"Promenade\" srcset=\"https:\/\/www.denisparenthoine.fr\/wp-content\/uploads\/2024\/11\/2.png 1920w, https:\/\/www.denisparenthoine.fr\/wp-content\/uploads\/2024\/11\/2-300x169.png 300w, https:\/\/www.denisparenthoine.fr\/wp-content\/uploads\/2024\/11\/2-1024x576.png 1024w, https:\/\/www.denisparenthoine.fr\/wp-content\/uploads\/2024\/11\/2-768x432.png 768w, https:\/\/www.denisparenthoine.fr\/wp-content\/uploads\/2024\/11\/2-1536x864.png 1536w, https:\/\/www.denisparenthoine.fr\/wp-content\/uploads\/2024\/11\/2-18x10.png 18w\" sizes=\"(max-width: 1920px) 100vw, 1920px\" \/>\t\t\t\t\t\t<\/div>\n\t\t<\/div>\n\t\t\n\t\t\t<div class=\"bdt-ep-featured-box-content bdt-position-bottom-left\">\n\n\t\t\t\t\t\t\n\t\t\t\t\t<h3\t\t\t\tclass=\"bdt-ep-featured-box-title\">\n\t\t\t\t<span >\n\t\t\t\t\tPromenade\t\t\t\t<\/span>\n\t\t\t<\/h3>\n\t\t\n\t\t\n\t\t\t\t\t<div class=\"bdt-ep-featured-box-button\">\n\t\t\t\t<a class=\"bdt-ep-featured-box-readmore bdt-display-inline-block elementor-animation-bob\" href=\"https:\/\/www.youtube.com\/watch?v=U7GNz_Ol3vc\" target=\"_blank\">\n\t\t\t\t\t\u00c9couter\t\t\t\t\t\t\t\t\t<\/a>\n\t\t\t<\/div>\n\t\t\t\n\t\t\t<\/div>\n\n\t\t<\/div>\n\n\t\t\t\t<\/div>\n\t\t\t\t<\/div>\n\t\t\t\t<div class=\"elementor-element elementor-element-7a7965b elementor-widget elementor-widget-bdt-featured-box\" data-id=\"7a7965b\" data-element_type=\"widget\" data-widget_type=\"bdt-featured-box.default\">\n\t\t\t\t<div class=\"elementor-widget-container\">\n\t\t\t\t\t<div class=\"bdt-ep-featured-box bdt-ep-featured-box-default\">\n\n\t\t\t\t\t<div class=\"bdt-ep-featured-box-image\">\n\t\t\t<div class=\"bdt-position-relative\">\n\t\t\t\t<img loading=\"lazy\" decoding=\"async\" width=\"1920\" height=\"1080\" src=\"https:\/\/www.denisparenthoine.fr\/wp-content\/uploads\/2024\/11\/3.png\" class=\"attachment-full size-full\" alt=\"Jour de d\u00e9part\" srcset=\"https:\/\/www.denisparenthoine.fr\/wp-content\/uploads\/2024\/11\/3.png 1920w, https:\/\/www.denisparenthoine.fr\/wp-content\/uploads\/2024\/11\/3-300x169.png 300w, https:\/\/www.denisparenthoine.fr\/wp-content\/uploads\/2024\/11\/3-1024x576.png 1024w, https:\/\/www.denisparenthoine.fr\/wp-content\/uploads\/2024\/11\/3-768x432.png 768w, https:\/\/www.denisparenthoine.fr\/wp-content\/uploads\/2024\/11\/3-1536x864.png 1536w, https:\/\/www.denisparenthoine.fr\/wp-content\/uploads\/2024\/11\/3-18x10.png 18w\" sizes=\"(max-width: 1920px) 100vw, 1920px\" \/>\t\t\t\t\t\t<\/div>\n\t\t<\/div>\n\t\t\n\t\t\t<div class=\"bdt-ep-featured-box-content bdt-position-bottom-left\">\n\n\t\t\t\t\t\t\n\t\t\t\t\t<h3\t\t\t\tclass=\"bdt-ep-featured-box-title\">\n\t\t\t\t<span >\n\t\t\t\t\tJour de d\u00e9part\t\t\t\t<\/span>\n\t\t\t<\/h3>\n\t\t\n\t\t\n\t\t\t\t\t<div class=\"bdt-ep-featured-box-button\">\n\t\t\t\t<a class=\"bdt-ep-featured-box-readmore bdt-display-inline-block elementor-animation-bob\" href=\"https:\/\/www.youtube.com\/watch?v=RrOSZhRmBTE\" target=\"_blank\">\n\t\t\t\t\t\u00c9couter\t\t\t\t\t\t\t\t\t<\/a>\n\t\t\t<\/div>\n\t\t\t\n\t\t\t<\/div>\n\n\t\t<\/div>\n\n\t\t\t\t<\/div>\n\t\t\t\t<\/div>\n\t\t\t\t<div class=\"elementor-element elementor-element-ff23a89 elementor-widget elementor-widget-bdt-featured-box\" data-id=\"ff23a89\" data-element_type=\"widget\" data-widget_type=\"bdt-featured-box.default\">\n\t\t\t\t<div class=\"elementor-widget-container\">\n\t\t\t\t\t<div class=\"bdt-ep-featured-box bdt-ep-featured-box-default\">\n\n\t\t\t\t\t<div class=\"bdt-ep-featured-box-image\">\n\t\t\t<div class=\"bdt-position-relative\">\n\t\t\t\t<img loading=\"lazy\" decoding=\"async\" width=\"1920\" height=\"1080\" src=\"https:\/\/www.denisparenthoine.fr\/wp-content\/uploads\/2024\/11\/4.png\" class=\"attachment-full size-full\" alt=\"Exposition\" srcset=\"https:\/\/www.denisparenthoine.fr\/wp-content\/uploads\/2024\/11\/4.png 1920w, https:\/\/www.denisparenthoine.fr\/wp-content\/uploads\/2024\/11\/4-300x169.png 300w, https:\/\/www.denisparenthoine.fr\/wp-content\/uploads\/2024\/11\/4-1024x576.png 1024w, https:\/\/www.denisparenthoine.fr\/wp-content\/uploads\/2024\/11\/4-768x432.png 768w, https:\/\/www.denisparenthoine.fr\/wp-content\/uploads\/2024\/11\/4-1536x864.png 1536w, https:\/\/www.denisparenthoine.fr\/wp-content\/uploads\/2024\/11\/4-18x10.png 18w\" sizes=\"(max-width: 1920px) 100vw, 1920px\" \/>\t\t\t\t\t\t<\/div>\n\t\t<\/div>\n\t\t\n\t\t\t<div class=\"bdt-ep-featured-box-content bdt-position-bottom-left\">\n\n\t\t\t\t\t\t\n\t\t\t\t\t<h3\t\t\t\tclass=\"bdt-ep-featured-box-title\">\n\t\t\t\t<span >\n\t\t\t\t\tExposition\t\t\t\t<\/span>\n\t\t\t<\/h3>\n\t\t\n\t\t\n\t\t\t\t\t<div class=\"bdt-ep-featured-box-button\">\n\t\t\t\t<a class=\"bdt-ep-featured-box-readmore bdt-display-inline-block elementor-animation-bob\" href=\"https:\/\/www.youtube.com\/watch?v=wJ_zOQgk01Y\" target=\"_blank\">\n\t\t\t\t\t\u00c9couter\t\t\t\t\t\t\t\t\t<\/a>\n\t\t\t<\/div>\n\t\t\t\n\t\t\t<\/div>\n\n\t\t<\/div>\n\n\t\t\t\t<\/div>\n\t\t\t\t<\/div>\n\t\t\t\t<\/div>\n\t\t\t\t\t<\/div>\n\t\t\t\t<\/div>\n\t\t\t\t<\/div>\n\t\t","protected":false},"excerpt":{"rendered":"<p>BIOGRAPHIE Denis Parenthoine \u266b Denis Parenthoine est n\u00e9 en 1967, \u00e0 Saint-Brieuc. D\u00e9butant l\u2019apprentissage de la musique \u00e0 l\u2019\u00e2ge de 17 ans, en parall\u00e8le d\u2019\u00e9tudes litt\u00e9raires, il suit des cours particuliers aupr\u00e8s d\u2019Anne Magadur, professeur de piano \u00e0 l\u2019Ecole Nationale de Musique de Saint-Brieuc. Il prend \u00e9galement des cours d\u2019Harmonie et de Contrepoint aupr\u00e8s de &hellip;<\/p>\n<p class=\"read-more\"> <a class=\"\" href=\"https:\/\/www.denisparenthoine.fr\/fr_fr\/qui-suis-je\/\"> <span class=\"screen-reader-text\">Qui suis-je ?<\/span> Lire la suite\u00a0\u00bb<\/a><\/p>\n","protected":false},"author":1,"featured_media":0,"parent":0,"menu_order":0,"comment_status":"closed","ping_status":"closed","template":"","meta":{"site-sidebar-layout":"no-sidebar","site-content-layout":"page-builder","ast-global-header-display":"disabled","ast-main-header-display":"","ast-hfb-above-header-display":"","ast-hfb-below-header-display":"","ast-hfb-mobile-header-display":"","site-post-title":"disabled","ast-breadcrumbs-content":"","ast-featured-img":"disabled","footer-sml-layout":"disabled","theme-transparent-header-meta":"","adv-header-id-meta":"","stick-header-meta":"","header-above-stick-meta":"","header-main-stick-meta":"","header-below-stick-meta":"","footnotes":""},"class_list":["post-81","page","type-page","status-publish","hentry"],"_links":{"self":[{"href":"https:\/\/www.denisparenthoine.fr\/fr_fr\/wp-json\/wp\/v2\/pages\/81","targetHints":{"allow":["GET"]}}],"collection":[{"href":"https:\/\/www.denisparenthoine.fr\/fr_fr\/wp-json\/wp\/v2\/pages"}],"about":[{"href":"https:\/\/www.denisparenthoine.fr\/fr_fr\/wp-json\/wp\/v2\/types\/page"}],"author":[{"embeddable":true,"href":"https:\/\/www.denisparenthoine.fr\/fr_fr\/wp-json\/wp\/v2\/users\/1"}],"replies":[{"embeddable":true,"href":"https:\/\/www.denisparenthoine.fr\/fr_fr\/wp-json\/wp\/v2\/comments?post=81"}],"version-history":[{"count":0,"href":"https:\/\/www.denisparenthoine.fr\/fr_fr\/wp-json\/wp\/v2\/pages\/81\/revisions"}],"wp:attachment":[{"href":"https:\/\/www.denisparenthoine.fr\/fr_fr\/wp-json\/wp\/v2\/media?parent=81"}],"curies":[{"name":"wp","href":"https:\/\/api.w.org\/{rel}","templated":true}]}}